{"id":3202,"date":"2021-01-04T14:07:45","date_gmt":"2021-01-04T14:07:45","guid":{"rendered":"https:\/\/fli.berlin\/research\/"},"modified":"2024-02-02T16:51:02","modified_gmt":"2024-02-02T16:51:02","slug":"research","status":"publish","type":"page","link":"https:\/\/fli.berlin\/en\/research\/","title":{"rendered":"Research"},"content":{"rendered":"\t\t<div data-elementor-type=\"wp-page\" data-elementor-id=\"3202\" class=\"elementor elementor-3202 elementor-26\" data-elementor-settings=\"[]\">\n\t\t\t\t\t\t<div class=\"elementor-inner\">\n\t\t\t\t\t\t\t<div class=\"elementor-section-wrap\">\n\t\t\t\t\t\t\t<section class=\"has_eae_slider elementor-section elementor-top-section elementor-element elementor-element-6998a70 elementor-section-content-middle elementor-section-boxed elementor-section-height-default elementor-section-height-default\" data-id=\"6998a70\" data-element_type=\"section\" data-settings=\"{&quot;background_background&quot;:&quot;classic&quot;}\">\n\t\t\t\t\t\t<div class=\"elementor-container elementor-column-gap-default\">\n\t\t\t\t\t\t\t<div class=\"elementor-row\">\n\t\t\t\t\t<div class=\"has_eae_slider elementor-column elementor-col-100 elementor-top-column elementor-element elementor-element-00c7aa7\" data-id=\"00c7aa7\" data-element_type=\"column\">\n\t\t\t<div class=\"elementor-column-wrap elementor-element-populated\">\n\t\t\t\t\t\t\t<div class=\"elementor-widget-wrap\">\n\t\t\t\t\t\t<section class=\"has_eae_slider elementor-section elementor-inner-section elementor-element elementor-element-0df052c elementor-section-full_width elementor-section-height-default elementor-section-height-default\" data-id=\"0df052c\" data-element_type=\"section\">\n\t\t\t\t\t\t<div class=\"elementor-container elementor-column-gap-default\">\n\t\t\t\t\t\t\t<div class=\"elementor-row\">\n\t\t\t\t\t<div class=\"has_eae_slider elementor-column elementor-col-50 elementor-inner-column elementor-element elementor-element-0e7dbc0\" data-id=\"0e7dbc0\" data-element_type=\"column\">\n\t\t\t<div class=\"elementor-column-wrap elementor-element-populated\">\n\t\t\t\t\t\t\t<div class=\"elementor-widget-wrap\">\n\t\t\t\t\t\t<div class=\"elementor-element elementor-element-8989331 elementor-widget__width-auto elementor-widget elementor-widget-heading\" data-id=\"8989331\" data-element_type=\"widget\" data-widget_type=\"heading.default\">\n\t\t\t\t<div class=\"elementor-widget-container\">\n\t\t\t<h1 class=\"elementor-heading-title elementor-size-default\"><span class=\"marked\">Research<\/span><\/h1>\t\t<\/div>\n\t\t\t\t<\/div>\n\t\t\t\t\t\t<\/div>\n\t\t\t\t\t<\/div>\n\t\t<\/div>\n\t\t\t\t<div class=\"has_eae_slider elementor-column elementor-col-50 elementor-inner-column elementor-element elementor-element-9d21463\" data-id=\"9d21463\" data-element_type=\"column\">\n\t\t\t<div class=\"elementor-column-wrap elementor-element-populated\">\n\t\t\t\t\t\t\t<div class=\"elementor-widget-wrap\">\n\t\t\t\t\t\t<div class=\"elementor-element elementor-element-f4fe55c elementor-widget__width-auto elementor-hidden-phone elementor-widget elementor-widget-image\" data-id=\"f4fe55c\" data-element_type=\"widget\" data-widget_type=\"image.default\">\n\t\t\t\t<div class=\"elementor-widget-container\">\n\t\t\t\t\t\t\t\t<div class=\"elementor-image\">\n\t\t\t\t\t\t\t\t\t\t\t\t<img loading=\"lazy\" decoding=\"async\" width=\"290\" height=\"136\" src=\"https:\/\/fli.berlin\/wp-content\/uploads\/2021\/01\/resourcehumboldt.logo_.Logo_.svg\" class=\"attachment-full size-full\" alt=\"\" \/>\t\t\t\t\t\t\t\t\t\t\t\t\t\t<\/div>\n\t\t\t\t\t\t<\/div>\n\t\t\t\t<\/div>\n\t\t\t\t\t\t<\/div>\n\t\t\t\t\t<\/div>\n\t\t<\/div>\n\t\t\t\t\t\t\t\t<\/div>\n\t\t\t\t\t<\/div>\n\t\t<\/section>\n\t\t\t\t\t\t<\/div>\n\t\t\t\t\t<\/div>\n\t\t<\/div>\n\t\t\t\t\t\t\t\t<\/div>\n\t\t\t\t\t<\/div>\n\t\t<\/section>\n\t\t\t\t<section class=\"has_eae_slider elementor-section elementor-top-section elementor-element elementor-element-5e9bcdb elementor-section-boxed elementor-section-height-default elementor-section-height-default\" data-id=\"5e9bcdb\" data-element_type=\"section\" data-settings=\"{&quot;background_background&quot;:&quot;classic&quot;}\">\n\t\t\t\t\t\t<div class=\"elementor-container elementor-column-gap-default\">\n\t\t\t\t\t\t\t<div class=\"elementor-row\">\n\t\t\t\t\t<div class=\"has_eae_slider elementor-column elementor-col-25 elementor-top-column elementor-element elementor-element-307d5e0\" data-id=\"307d5e0\" data-element_type=\"column\" data-settings=\"{&quot;background_background&quot;:&quot;classic&quot;}\">\n\t\t\t<div class=\"elementor-column-wrap elementor-element-populated\">\n\t\t\t\t\t\t\t<div class=\"elementor-widget-wrap\">\n\t\t\t\t\t\t<section class=\"has_eae_slider elementor-section elementor-inner-section elementor-element elementor-element-7453ce3 elementor-section-boxed elementor-section-height-default elementor-section-height-default\" data-id=\"7453ce3\" data-element_type=\"section\" data-settings=\"{&quot;background_background&quot;:&quot;classic&quot;}\">\n\t\t\t\t\t\t<div class=\"elementor-container elementor-column-gap-default\">\n\t\t\t\t\t\t\t<div class=\"elementor-row\">\n\t\t\t\t\t<div class=\"has_eae_slider elementor-column elementor-col-100 elementor-inner-column elementor-element elementor-element-1c3a96b\" data-id=\"1c3a96b\" data-element_type=\"column\">\n\t\t\t<div class=\"elementor-column-wrap elementor-element-populated\">\n\t\t\t\t\t\t\t<div class=\"elementor-widget-wrap\">\n\t\t\t\t\t\t<div class=\"elementor-element elementor-element-bccc9da elementor-widget elementor-widget-heading\" data-id=\"bccc9da\" data-element_type=\"widget\" data-widget_type=\"heading.default\">\n\t\t\t\t<div class=\"elementor-widget-container\">\n\t\t\t<h2 class=\"elementor-heading-title elementor-size-default\">Current Research Projects<\/h2>\t\t<\/div>\n\t\t\t\t<\/div>\n\t\t\t\t<div class=\"elementor-element elementor-element-b9fa4e3 elementor-widget elementor-widget-text-editor\" data-id=\"b9fa4e3\" data-element_type=\"widget\" data-widget_type=\"text-editor.default\">\n\t\t\t\t<div class=\"elementor-widget-container\">\n\t\t\t\t\t\t\t\t<div class=\"elementor-text-editor elementor-clearfix\">\n\t\t\t\t<p class=\"p1\">Ein Tatbestand des Verschwindenlassens im deutschen Strafrecht (2023-2024) Prof. Je\u00dfberger (with Prof. Dr. Julia Geneuss)<\/p>\n<p class=\"p1\">Reflexive Globalization and the Law (2023 -), Prof. Je\u00dfberger (with Prof. Dr. Philipp Dann)<\/p>\n<p class=\"p1\">Franz von Liszt (2023-), Prof. Je\u00dfberger (with Prof. Dr. Michele Pifferi)<\/p>\n<p class=\"p1\">The Colonial Legacy and (International) Criminal Law (2021 &#8211; ), Prof. Je\u00dfberger<\/p>\n<p>Information on further research projects of members and guests of the institute can be found at the respective entries<a href=\"https:\/\/fli.berlin\/en\/people\/\"> here<\/a>.<\/p>\n\t\t\t\t\t<\/div>\n\t\t\t\t\t\t<\/div>\n\t\t\t\t<\/div>\n\t\t\t\t\t\t<\/div>\n\t\t\t\t\t<\/div>\n\t\t<\/div>\n\t\t\t\t\t\t\t\t<\/div>\n\t\t\t\t\t<\/div>\n\t\t<\/section>\n\t\t\t\t\t\t<\/div>\n\t\t\t\t\t<\/div>\n\t\t<\/div>\n\t\t\t\t<div class=\"has_eae_slider elementor-column elementor-col-50 elementor-top-column elementor-element elementor-element-89e6771\" data-id=\"89e6771\" data-element_type=\"column\" data-settings=\"{&quot;background_background&quot;:&quot;classic&quot;}\">\n\t\t\t<div class=\"elementor-column-wrap elementor-element-populated\">\n\t\t\t\t\t\t\t<div class=\"elementor-widget-wrap\">\n\t\t\t\t\t\t<section class=\"has_eae_slider elementor-section elementor-inner-section elementor-element elementor-element-9c21dd5 elementor-section-full_width elementor-section-height-default elementor-section-height-default\" data-id=\"9c21dd5\" data-element_type=\"section\">\n\t\t\t\t\t\t<div class=\"elementor-container elementor-column-gap-default\">\n\t\t\t\t\t\t\t<div class=\"elementor-row\">\n\t\t\t\t\t<div class=\"has_eae_slider elementor-column elementor-col-100 elementor-inner-column elementor-element elementor-element-16b6e00\" data-id=\"16b6e00\" data-element_type=\"column\">\n\t\t\t<div class=\"elementor-column-wrap elementor-element-populated\">\n\t\t\t\t\t\t\t<div class=\"elementor-widget-wrap\">\n\t\t\t\t\t\t<div class=\"elementor-element elementor-element-fd81dce elementor-widget elementor-widget-image\" data-id=\"fd81dce\" data-element_type=\"widget\" data-widget_type=\"image.default\">\n\t\t\t\t<div class=\"elementor-widget-container\">\n\t\t\t\t\t\t\t\t<div class=\"elementor-image\">\n\t\t\t\t\t\t\t\t\t\t\t\t<img loading=\"lazy\" decoding=\"async\" width=\"800\" height=\"586\" src=\"https:\/\/fli.berlin\/wp-content\/uploads\/2021\/01\/fli.jpg\" class=\"attachment-large size-large\" alt=\"\" srcset=\"https:\/\/fli.berlin\/wp-content\/uploads\/2021\/01\/fli.jpg 989w, https:\/\/fli.berlin\/wp-content\/uploads\/2021\/01\/fli-300x220.jpg 300w, https:\/\/fli.berlin\/wp-content\/uploads\/2021\/01\/fli-768x562.jpg 768w\" sizes=\"(max-width: 800px) 100vw, 800px\" \/>\t\t\t\t\t\t\t\t\t\t\t\t\t\t<\/div>\n\t\t\t\t\t\t<\/div>\n\t\t\t\t<\/div>\n\t\t\t\t<div class=\"elementor-element elementor-element-3c11c5a elementor-widget elementor-widget-heading\" data-id=\"3c11c5a\" data-element_type=\"widget\" data-widget_type=\"heading.default\">\n\t\t\t\t<div class=\"elementor-widget-container\">\n\t\t\t<h2 class=\"elementor-heading-title elementor-size-default\">Research<\/h2>\t\t<\/div>\n\t\t\t\t<\/div>\n\t\t\t\t<div class=\"elementor-element elementor-element-bdb548f elementor-widget elementor-widget-text-editor\" data-id=\"bdb548f\" data-element_type=\"widget\" data-widget_type=\"text-editor.default\">\n\t\t\t\t<div class=\"elementor-widget-container\">\n\t\t\t\t\t\t\t\t<div class=\"elementor-text-editor elementor-clearfix\">\n\t\t\t\t<p>Research activities concern the following thematic areas:<\/p>\n<ul>\n<li><span style=\"text-decoration: underline;\">International criminal law, including transitional justice<\/span> (Prof. Werle, Prof. Je\u00dfberger, Dr. Epik, Dr. Steinl, Dr. Geneuss, Prof. Nerlich)<\/li>\n<li><span style=\"text-decoration: underline;\">European criminal law<\/span>\u00a0(Prof. Heger)<\/li>\n<li><span style=\"text-decoration: underline;\">Transnational criminal law<\/span> (Prof. Je\u00dfberger, Dr. Geneuss, Dr. Steinl)<\/li>\n<li><span style=\"text-decoration: underline;\">Foreign and comparative criminal law<\/span> (Dr. Epik, Dr. Geneuss, Dr. Steinl, Prof. Je\u00dfberger)<\/li>\n<li><span style=\"text-decoration: underline;\">International aspects of German criminal law<\/span> (Prof. Heger, Prof. Je\u00dfberger).<\/li>\n<\/ul>\n\t\t\t\t\t<\/div>\n\t\t\t\t\t\t<\/div>\n\t\t\t\t<\/div>\n\t\t\t\t\t\t<\/div>\n\t\t\t\t\t<\/div>\n\t\t<\/div>\n\t\t\t\t\t\t\t\t<\/div>\n\t\t\t\t\t<\/div>\n\t\t<\/section>\n\t\t\t\t\t\t<\/div>\n\t\t\t\t\t<\/div>\n\t\t<\/div>\n\t\t\t\t<div class=\"has_eae_slider elementor-column elementor-col-25 elementor-top-column elementor-element elementor-element-7493f3e\" data-id=\"7493f3e\" data-element_type=\"column\">\n\t\t\t<div class=\"elementor-column-wrap elementor-element-populated\">\n\t\t\t\t\t\t\t<div class=\"elementor-widget-wrap\">\n\t\t\t\t\t\t<section class=\"has_eae_slider elementor-section elementor-inner-section elementor-element elementor-element-2b6a09c elementor-section-height-full elementor-section-boxed elementor-section-height-default\" data-id=\"2b6a09c\" data-element_type=\"section\" data-settings=\"{&quot;background_background&quot;:&quot;classic&quot;}\">\n\t\t\t\t\t\t<div class=\"elementor-container elementor-column-gap-default\">\n\t\t\t\t\t\t\t<div class=\"elementor-row\">\n\t\t\t\t\t<div class=\"has_eae_slider elementor-column elementor-col-100 elementor-inner-column elementor-element elementor-element-3bee4ac\" data-id=\"3bee4ac\" data-element_type=\"column\">\n\t\t\t<div class=\"elementor-column-wrap elementor-element-populated\">\n\t\t\t\t\t\t\t<div class=\"elementor-widget-wrap\">\n\t\t\t\t\t\t<div class=\"elementor-element elementor-element-b529db4 elementor-widget elementor-widget-heading\" data-id=\"b529db4\" data-element_type=\"widget\" data-widget_type=\"heading.default\">\n\t\t\t\t<div class=\"elementor-widget-container\">\n\t\t\t<h2 class=\"elementor-heading-title elementor-size-default\">Selected Books<\/h2>\t\t<\/div>\n\t\t\t\t<\/div>\n\t\t\t\t<div class=\"elementor-element elementor-element-6bd491c elementor-widget elementor-widget-text-editor\" data-id=\"6bd491c\" data-element_type=\"widget\" data-widget_type=\"text-editor.default\">\n\t\t\t\t<div class=\"elementor-widget-container\">\n\t\t\t\t\t\t\t\t<div class=\"elementor-text-editor elementor-clearfix\">\n\t\t\t\t<p class=\"p1\">Claudia Cardenas, Jaime Couso, Florian Je\u00dfberger &amp; Milan Kuhli (eds.), Transitional Justice and the Criminal Responsibility of Judges, Routledge, im Erscheinen.<\/p>\n<p class=\"p1\">Florian Je\u00dfberger &amp; Aziz Epik (Hrsg.), 20 Jahre V\u00f6lkerstrafgesetzbuch, Nomos, 2023 (<a href=\"https:\/\/www.nomos-elibrary.de\/10.5771\/9783748936442\/zwanzig-jahre-voelkerstrafgesetzbuch?page=1\">open access<\/a>).<\/p>\n<p>Florian\u00a0Jessberger, Chantal Meloni &amp; Maria Crippa (Hrsg.),\u00a0Domesticating International Criminal Justice, Italian and German Perspectives, Routledge, 2023.<\/p>\n<p>Florian\u00a0Je\u00dfberger, Moritz Vormbaum &amp; Boris Burghardt (Hrsg.), Strafrecht und Systemunrecht, Festschrift f\u00fcr Gerhard Werle zum 70sten Geburtstag, MohrSiebeck 2023.<\/p>\n<p>Je\u00dfberger, F. \/ Steinl, L. \/ Mehta, K. (eds.), International Criminal Justice \u2013 A Counter-Hegemonic Project?, T.M.C. Asser 2022<\/p>\n<p>Boister, N. \/ Gless, S. \/ Je\u00dfberger, F. (eds.), Histories of Transnational Criminal Law, OUP 2021<\/p>\n<p>Werle, G. \/ Je\u00dfberger, F., Principles of International Criminal Law, 4th edn. , OUP 2020<\/p>\n<p>Werle, G. \/ Je\u00dfberger, F., V\u00f6lkerstrafrecht, 5. Aufl., Mohr Siebeck 2020<\/p>\n<p>Je\u00dfberger, F. \/ Geneuss, J. (eds.), Why Punish Perpetrators of Mass Atrocities?, CUP 2020<\/p>\n<p>Epik, A., Die Strafzumessung bei Taten nach dem V\u00f6lkerstrafgesetzbuch, Mohr Siebeck, 2017<\/p>\n<p>Steinl, L., Child Soldiers as Agents of War and Piece, Springer\/Asser Press, 2017<\/p>\n<p>Beauvallet, O. \/ Nerlich, V. u.a. (Hrsg.), Dictionnaire encyclop\u00e9dique de la justice p\u00e9nale internationale, Berger\/Levrault, 2017<\/p>\n<p>Je\u00dfberger, F. u.a. (Hrsg.), Wirtschaftsv\u00f6lkerstrafrecht, Nomos, 2015<\/p>\n<p>Cassese, A. \/ Je\u00dfberger, F. \/Cryer, R. (eds.), International Criminal Law, Volumes I to V, Routledge, 2015<\/p>\n<p>Geneuss, J., V\u00f6lkerrechtsverbrechen und Verfolgungsermessen, Nomos, 2013<\/p>\n<p>Je\u00dfberger, F. \/ Geneuss, J. (Hrsg.), Zehn Jahre V\u00f6lkerstrafgesetzbuch, Bilanz und Perspektiven eines &#8220;deutschen V\u00f6lkerstrafrechts&#8221;, Nomos, 2013<\/p>\n<p>Je\u00dfberger, F., Der transnationale Geltungsbereich des deutschen Strafrechts, Mohr Siebeck, 2011<\/p>\n<p>Heger, M. Die Europ\u00e4isierung des deutschen Umweltstrafrechts, Mohr Siebeck, 2009<\/p>\n<p>Informationen zu weiteren Publikationen von Mitgliedern und G\u00e4sten des Instituts finden Sie <a href=\"https:\/\/fli.berlin\/en\/news\/\">hier<\/a> sowie bei den jeweiligen Eintr\u00e4gen <a href=\"https:\/\/fli.berlin\/en\/people\/\">hier<\/a>.<\/p>\n\t\t\t\t\t<\/div>\n\t\t\t\t\t\t<\/div>\n\t\t\t\t<\/div>\n\t\t\t\t\t\t<\/div>\n\t\t\t\t\t<\/div>\n\t\t<\/div>\n\t\t\t\t\t\t\t\t<\/div>\n\t\t\t\t\t<\/div>\n\t\t<\/section>\n\t\t\t\t\t\t<\/div>\n\t\t\t\t\t<\/div>\n\t\t<\/div>\n\t\t\t\t\t\t\t\t<\/div>\n\t\t\t\t\t<\/div>\n\t\t<\/section>\n\t\t\t\t\t\t<\/div>\n\t\t\t\t\t\t<\/div>\n\t\t\t\t\t<\/div>\n\t\t","protected":false},"excerpt":{"rendered":"<p>Research Current Research Projects Ein Tatbestand des Verschwindenlassens im deutschen Strafrecht (2023-2024) Prof. Je\u00dfberger (with Prof. Dr. Julia Geneuss) Reflexive Globalization and the Law (2023 -), Prof. Je\u00dfberger (with Prof. Dr. Philipp Dann) Franz von Liszt (2023-), Prof. Je\u00dfberger (with Prof. Dr. Michele Pifferi) The Colonial Legacy and (International) Criminal Law (2021 &#8211; ), Prof. [&hellip;]<\/p>\n","protected":false},"author":1,"featured_media":0,"parent":0,"menu_order":0,"comment_status":"closed","ping_status":"closed","template":"","meta":{"footnotes":""},"acf":[],"yoast_head":"<!-- This site is optimized with the Yoast SEO plugin v18.5.1 - https:\/\/yoast.com\/wordpress\/plugins\/seo\/ -->\n<title>Research - Franz-von-Liszt-Institut f\u00fcr Internationales Strafrecht<\/title>\n<meta name=\"robots\" content=\"index, follow, max-snippet:-1, max-image-preview:large, max-video-preview:-1\" \/>\n<link rel=\"canonical\" href=\"https:\/\/fli.berlin\/en\/research\/\" \/>\n<meta property=\"og:locale\" content=\"en_US\" \/>\n<meta property=\"og:type\" content=\"article\" \/>\n<meta property=\"og:title\" content=\"Research - Franz-von-Liszt-Institut f\u00fcr Internationales Strafrecht\" \/>\n<meta property=\"og:description\" content=\"Research Current Research Projects Ein Tatbestand des Verschwindenlassens im deutschen Strafrecht (2023-2024) Prof. Je\u00dfberger (with Prof. Dr. Julia Geneuss) Reflexive Globalization and the Law (2023 -), Prof. Je\u00dfberger (with Prof. Dr. Philipp Dann) Franz von Liszt (2023-), Prof. Je\u00dfberger (with Prof. Dr. Michele Pifferi) The Colonial Legacy and (International) Criminal Law (2021 &#8211; ), Prof. [&hellip;]\" \/>\n<meta property=\"og:url\" content=\"https:\/\/fli.berlin\/en\/research\/\" \/>\n<meta property=\"og:site_name\" content=\"Franz-von-Liszt-Institut f\u00fcr Internationales Strafrecht\" \/>\n<meta property=\"article:modified_time\" content=\"2024-02-02T16:51:02+00:00\" \/>\n<meta property=\"og:image\" content=\"https:\/\/fli.berlin\/wp-content\/uploads\/2021\/01\/resourcehumboldt.logo_.Logo_.svg\" \/>\n<meta name=\"twitter:card\" content=\"summary_large_image\" \/>\n<meta name=\"twitter:label1\" content=\"Est. reading time\" \/>\n\t<meta name=\"twitter:data1\" content=\"2 minutes\" \/>\n<script type=\"application\/ld+json\" class=\"yoast-schema-graph\">{\"@context\":\"https:\/\/schema.org\",\"@graph\":[{\"@type\":\"WebSite\",\"@id\":\"https:\/\/fli.berlin\/en\/#website\",\"url\":\"https:\/\/fli.berlin\/en\/\",\"name\":\"Franz-von-Liszt-Institut f\u00fcr Internationales Strafrecht\",\"description\":\"Franz-von-Liszt-Institut f\u00fcr Internationales Strafrecht\",\"potentialAction\":[{\"@type\":\"SearchAction\",\"target\":{\"@type\":\"EntryPoint\",\"urlTemplate\":\"https:\/\/fli.berlin\/en\/?s={search_term_string}\"},\"query-input\":\"required name=search_term_string\"}],\"inLanguage\":\"en-US\"},{\"@type\":\"ImageObject\",\"@id\":\"https:\/\/fli.berlin\/en\/research\/#primaryimage\",\"inLanguage\":\"en-US\",\"url\":\"https:\/\/fli.berlin\/wp-content\/uploads\/2021\/01\/resourcehumboldt.logo_.Logo_.svg\",\"contentUrl\":\"https:\/\/fli.berlin\/wp-content\/uploads\/2021\/01\/resourcehumboldt.logo_.Logo_.svg\",\"width\":290,\"height\":136},{\"@type\":\"WebPage\",\"@id\":\"https:\/\/fli.berlin\/en\/research\/#webpage\",\"url\":\"https:\/\/fli.berlin\/en\/research\/\",\"name\":\"Research - Franz-von-Liszt-Institut f\u00fcr Internationales Strafrecht\",\"isPartOf\":{\"@id\":\"https:\/\/fli.berlin\/en\/#website\"},\"primaryImageOfPage\":{\"@id\":\"https:\/\/fli.berlin\/en\/research\/#primaryimage\"},\"datePublished\":\"2021-01-04T14:07:45+00:00\",\"dateModified\":\"2024-02-02T16:51:02+00:00\",\"breadcrumb\":{\"@id\":\"https:\/\/fli.berlin\/en\/research\/#breadcrumb\"},\"inLanguage\":\"en-US\",\"potentialAction\":[{\"@type\":\"ReadAction\",\"target\":[\"https:\/\/fli.berlin\/en\/research\/\"]}]},{\"@type\":\"BreadcrumbList\",\"@id\":\"https:\/\/fli.berlin\/en\/research\/#breadcrumb\",\"itemListElement\":[{\"@type\":\"ListItem\",\"position\":1,\"name\":\"Startseite\",\"item\":\"https:\/\/fli.berlin\/en\/\"},{\"@type\":\"ListItem\",\"position\":2,\"name\":\"Research\"}]}]}<\/script>\n<!-- \/ Yoast SEO plugin. -->","yoast_head_json":{"title":"Research - Franz-von-Liszt-Institut f\u00fcr Internationales Strafrecht","robots":{"index":"index","follow":"follow","max-snippet":"max-snippet:-1","max-image-preview":"max-image-preview:large","max-video-preview":"max-video-preview:-1"},"canonical":"https:\/\/fli.berlin\/en\/research\/","og_locale":"en_US","og_type":"article","og_title":"Research - Franz-von-Liszt-Institut f\u00fcr Internationales Strafrecht","og_description":"Research Current Research Projects Ein Tatbestand des Verschwindenlassens im deutschen Strafrecht (2023-2024) Prof. Je\u00dfberger (with Prof. Dr. Julia Geneuss) Reflexive Globalization and the Law (2023 -), Prof. Je\u00dfberger (with Prof. Dr. Philipp Dann) Franz von Liszt (2023-), Prof. Je\u00dfberger (with Prof. Dr. Michele Pifferi) The Colonial Legacy and (International) Criminal Law (2021 &#8211; ), Prof. [&hellip;]","og_url":"https:\/\/fli.berlin\/en\/research\/","og_site_name":"Franz-von-Liszt-Institut f\u00fcr Internationales Strafrecht","article_modified_time":"2024-02-02T16:51:02+00:00","og_image":[{"url":"https:\/\/fli.berlin\/wp-content\/uploads\/2021\/01\/resourcehumboldt.logo_.Logo_.svg"}],"twitter_card":"summary_large_image","twitter_misc":{"Est. reading time":"2 minutes"},"schema":{"@context":"https:\/\/schema.org","@graph":[{"@type":"WebSite","@id":"https:\/\/fli.berlin\/en\/#website","url":"https:\/\/fli.berlin\/en\/","name":"Franz-von-Liszt-Institut f\u00fcr Internationales Strafrecht","description":"Franz-von-Liszt-Institut f\u00fcr Internationales Strafrecht","potentialAction":[{"@type":"SearchAction","target":{"@type":"EntryPoint","urlTemplate":"https:\/\/fli.berlin\/en\/?s={search_term_string}"},"query-input":"required name=search_term_string"}],"inLanguage":"en-US"},{"@type":"ImageObject","@id":"https:\/\/fli.berlin\/en\/research\/#primaryimage","inLanguage":"en-US","url":"https:\/\/fli.berlin\/wp-content\/uploads\/2021\/01\/resourcehumboldt.logo_.Logo_.svg","contentUrl":"https:\/\/fli.berlin\/wp-content\/uploads\/2021\/01\/resourcehumboldt.logo_.Logo_.svg","width":290,"height":136},{"@type":"WebPage","@id":"https:\/\/fli.berlin\/en\/research\/#webpage","url":"https:\/\/fli.berlin\/en\/research\/","name":"Research - Franz-von-Liszt-Institut f\u00fcr Internationales Strafrecht","isPartOf":{"@id":"https:\/\/fli.berlin\/en\/#website"},"primaryImageOfPage":{"@id":"https:\/\/fli.berlin\/en\/research\/#primaryimage"},"datePublished":"2021-01-04T14:07:45+00:00","dateModified":"2024-02-02T16:51:02+00:00","breadcrumb":{"@id":"https:\/\/fli.berlin\/en\/research\/#breadcrumb"},"inLanguage":"en-US","potentialAction":[{"@type":"ReadAction","target":["https:\/\/fli.berlin\/en\/research\/"]}]},{"@type":"BreadcrumbList","@id":"https:\/\/fli.berlin\/en\/research\/#breadcrumb","itemListElement":[{"@type":"ListItem","position":1,"name":"Startseite","item":"https:\/\/fli.berlin\/en\/"},{"@type":"ListItem","position":2,"name":"Research"}]}]}},"_links":{"self":[{"href":"https:\/\/fli.berlin\/en\/wp-json\/wp\/v2\/pages\/3202"}],"collection":[{"href":"https:\/\/fli.berlin\/en\/wp-json\/wp\/v2\/pages"}],"about":[{"href":"https:\/\/fli.berlin\/en\/wp-json\/wp\/v2\/types\/page"}],"author":[{"embeddable":true,"href":"https:\/\/fli.berlin\/en\/wp-json\/wp\/v2\/users\/1"}],"replies":[{"embeddable":true,"href":"https:\/\/fli.berlin\/en\/wp-json\/wp\/v2\/comments?post=3202"}],"version-history":[{"count":15,"href":"https:\/\/fli.berlin\/en\/wp-json\/wp\/v2\/pages\/3202\/revisions"}],"predecessor-version":[{"id":4036,"href":"https:\/\/fli.berlin\/en\/wp-json\/wp\/v2\/pages\/3202\/revisions\/4036"}],"wp:attachment":[{"href":"https:\/\/fli.berlin\/en\/wp-json\/wp\/v2\/media?parent=3202"}],"curies":[{"name":"wp","href":"https:\/\/api.w.org\/{rel}","templated":true}]}}